{"id":26876,"date":"2025-03-28T16:23:19","date_gmt":"2025-03-28T15:23:19","guid":{"rendered":"http:\/\/www.fratellisanzio.sibusinessdigital.it\/?page_id=26876"},"modified":"2025-05-12T14:54:02","modified_gmt":"2025-05-12T12:54:02","slug":"servizi","status":"publish","type":"page","link":"https:\/\/www.fratellisanzio.sibusinessdigital.it\/index.php\/servizi\/","title":{"rendered":"Servizi"},"content":{"rendered":"\t\t<div data-elementor-type=\"wp-page\" data-elementor-id=\"26876\" class=\"elementor elementor-26876\">\n\t\t\t\t<div class=\"wd-negative-gap elementor-element elementor-element-16bc480 wd-section-stretch e-flex e-con-boxed e-con e-parent\" data-id=\"16bc480\" data-element_type=\"container\">\n\t\t\t\t\t<div class=\"e-con-inner\">\n\t\t<div class=\"elementor-element elementor-element-fa14dcb e-con-full e-flex e-con e-child\" data-id=\"fa14dcb\" data-element_type=\"container\">\n\t\t\t\t<div class=\"elementor-element elementor-element-1fad9de wd-width-100 elementor-widget elementor-widget-wd_title\" data-id=\"1fad9de\" data-element_type=\"widget\" data-widget_type=\"wd_title.default\">\n\t\t\t\t<div class=\"elementor-widget-container\">\n\t\t\t\t\t\t\t<div class=\"title-wrapper wd-set-mb reset-last-child wd-title-color-default wd-title-style-default wd-title-size-large text-center\">\n\n\t\t\t\t\t\t\t\t\t\t\t<div class=\"title-subtitle subtitle-color-default subtitle-style-default wd-fontsize-xs\">\n\t\t\t\t\tI NOSTRI SERVIZI\t\t\t\t<\/div>\n\t\t\t\n\t\t\t<div class=\"liner-continer\">\n\t\t\t\t<h4 class=\"woodmart-title-container title wd-fontsize-xxl\">SERVIZI FUNEBRI AD ARIANO IRPINO \u2013 FRATELLI SANZIO ONORANZE FUNEBRI<\/h4> \n\t\t\t\t\t\t\t<\/div>\n\n\t\t\t\t\t\t\t<div class=\"title-after_title reset-last-child wd-fontsize-s\">\n\t\t\t\t\t<p>Con oltre 60 anni di esperienza, <strong>Fratelli Sanzio<\/strong> si prende cura di ogni aspetto legato all\u2019organizzazione del funerale, offrendo un supporto completo, rispettoso e discreto alle famiglie di <strong>Ariano Irpino<\/strong> e del territorio circostante.<br \/>Di seguito, tutti i nostri principali servizi.<\/p>\t\t\t\t<\/div>\n\t\t\t\t\t<\/div>\n\t\t\t\t\t\t<\/div>\n\t\t\t\t<\/div>\n\t\t\t\t<\/div>\n\t\t\t\t\t<\/div>\n\t\t\t\t<\/div>\n\t\t<div class=\"wd-negative-gap elementor-element elementor-element-761ed2a e-flex e-con-boxed e-con e-parent\" data-id=\"761ed2a\" data-element_type=\"container\">\n\t\t\t\t\t<div class=\"e-con-inner\">\n\t\t<div class=\"elementor-element elementor-element-6a286b0 e-con-full e-flex e-con e-child\" data-id=\"6a286b0\" data-element_type=\"container\">\n\t\t\t\t<div class=\"elementor-element elementor-element-56e8910 elementor-widget elementor-widget-wd_infobox\" data-id=\"56e8910\" data-element_type=\"widget\" data-widget_type=\"wd_infobox.default\">\n\t\t\t\t<div class=\"elementor-widget-container\">\n\t\t\t\t\t\t\t<div class=\"info-box-wrapper\">\n\t\t\t<div class=\"wd-info-box text-center box-icon-align-top box-style-base color-scheme-\">\n\t\t\t\t\t\t\t\t\t<div class=\"box-icon-wrapper  box-with-icon box-icon-simple\">\n\t\t\t\t\t\t<div class=\"info-box-icon\">\n\t\t\t\t\t\t\t\t\t\t\t\t\t\t\t<div class=\"info-svg-wrapper\" style=\"width:60px; height:60px;\"><img loading=\"lazy\" decoding=\"async\"  src=\"https:\/\/www.fratellisanzio.sibusinessdigital.it\/wp-content\/uploads\/2025\/04\/014-hearse.svg\" title=\"014-hearse\" loading=\"lazy\" width=\"60\" height=\"60\"><\/div>\t\t\t\t\t\t\t\t\t\t\t\t\t<\/div>\n\t\t\t\t\t<\/div>\n\t\t\t\t\n\t\t\t\t<div class=\"info-box-content\">\n\t\t\t\t\t\n\t\t\t\t\t\t\t\t\t\t\t<h4\t\t\t\t\t\tclass=\"info-box-title title box-title-style-default wd-fontsize-m\" data-elementor-setting-key=\"title\">\n\t\t\t\t\t\t\t\tTrasporti<br \/>\nfunebri\t\t\t\t\t\t<\/h4>\n\t\t\t\t\t\n\t\t\t\t\t<div class=\"info-box-inner reset-last-child\"data-elementor-setting-key=\"content\"><p>Ci occupiamo del <strong data-start=\"627\" data-end=\"652\">trasporto della salma<\/strong> con mezzi funebri moderni, eleganti e sempre in perfette condizioni. Offriamo <strong data-start=\"731\" data-end=\"771\">trasporti nazionali e internazionali<\/strong>, garantendo puntualit\u00e0, dignit\u00e0 e massimo rispetto in ogni fase dello spostamento, dal luogo del decesso fino alla destinazione finale (chiesa, cimitero o crematorio).<\/p>\n<\/div>\n\n\t\t\t\t\t\t\t\t\t<\/div>\n\n\t\t\t\t\t\t\t\t\t<a href=\"#\" class=\"wd-info-box-link wd-fill\" aria-label=\"Infobox link\"><\/a>\n\t\t\t\t\t\t\t<\/div>\n\t\t<\/div>\n\t\t\t\t\t\t<\/div>\n\t\t\t\t<\/div>\n\t\t\t\t<\/div>\n\t\t<div class=\"elementor-element elementor-element-c59521b e-con-full e-flex e-con e-child\" data-id=\"c59521b\" data-element_type=\"container\">\n\t\t\t\t<div class=\"elementor-element elementor-element-90b55c1 elementor-widget elementor-widget-wd_infobox\" data-id=\"90b55c1\" data-element_type=\"widget\" data-widget_type=\"wd_infobox.default\">\n\t\t\t\t<div class=\"elementor-widget-container\">\n\t\t\t\t\t\t\t<div class=\"info-box-wrapper\">\n\t\t\t<div class=\"wd-info-box text-center box-icon-align-top box-style-base color-scheme-\">\n\t\t\t\t\t\t\t\t\t<div class=\"box-icon-wrapper  box-with-icon box-icon-simple\">\n\t\t\t\t\t\t<div class=\"info-box-icon\">\n\t\t\t\t\t\t\t\t\t\t\t\t\t\t\t<div class=\"info-svg-wrapper\" style=\"width:60px; height:60px;\"><img loading=\"lazy\" decoding=\"async\"  src=\"https:\/\/www.fratellisanzio.sibusinessdigital.it\/wp-content\/uploads\/2025\/04\/007-memorial-day.svg\" title=\"007-memorial day\" loading=\"lazy\" width=\"60\" height=\"60\"><\/div>\t\t\t\t\t\t\t\t\t\t\t\t\t<\/div>\n\t\t\t\t\t<\/div>\n\t\t\t\t\n\t\t\t\t<div class=\"info-box-content\">\n\t\t\t\t\t\n\t\t\t\t\t\t\t\t\t\t\t<h4\t\t\t\t\t\tclass=\"info-box-title title box-title-style-default wd-fontsize-m\" data-elementor-setting-key=\"title\">\n\t\t\t\t\t\t\t\tDisbrigo<br \/>\npratiche\t\t\t\t\t\t<\/h4>\n\t\t\t\t\t\n\t\t\t\t\t<div class=\"info-box-inner reset-last-child\"data-elementor-setting-key=\"content\"><p>Solleviamo la famiglia da ogni incombenza burocratica, occupandoci con rapidit\u00e0 e precisione del <strong data-start=\"1079\" data-end=\"1116\">disbrigo delle pratiche funerarie<\/strong>.<br data-start=\"1117\" data-end=\"1120\" \/>Dalla denuncia di morte alla richiesta di autorizzazioni per sepoltura o cremazione, gestiamo ogni documento necessario in collaborazione con enti pubblici e strutture sanitarie.<\/p>\n<\/div>\n\n\t\t\t\t\t\t\t\t\t<\/div>\n\n\t\t\t\t\t\t\t\t\t<a href=\"#\" class=\"wd-info-box-link wd-fill\" aria-label=\"Infobox link\"><\/a>\n\t\t\t\t\t\t\t<\/div>\n\t\t<\/div>\n\t\t\t\t\t\t<\/div>\n\t\t\t\t<\/div>\n\t\t\t\t<\/div>\n\t\t<div class=\"elementor-element elementor-element-54923bf e-con-full e-flex e-con e-child\" data-id=\"54923bf\" data-element_type=\"container\">\n\t\t\t\t<div class=\"elementor-element elementor-element-0fe391b elementor-widget elementor-widget-wd_infobox\" data-id=\"0fe391b\" data-element_type=\"widget\" data-widget_type=\"wd_infobox.default\">\n\t\t\t\t<div class=\"elementor-widget-container\">\n\t\t\t\t\t\t\t<div class=\"info-box-wrapper\">\n\t\t\t<div class=\"wd-info-box text-center box-icon-align-top box-style-base color-scheme-\">\n\t\t\t\t\t\t\t\t\t<div class=\"box-icon-wrapper  box-with-icon box-icon-simple\">\n\t\t\t\t\t\t<div class=\"info-box-icon\">\n\t\t\t\t\t\t\t\t\t\t\t\t\t\t\t<div class=\"info-svg-wrapper\" style=\"width:60px; height:60px;\"><img loading=\"lazy\" decoding=\"async\"  src=\"https:\/\/www.fratellisanzio.sibusinessdigital.it\/wp-content\/uploads\/2025\/04\/047-flower-bouquet.svg\" title=\"047-flower bouquet\" loading=\"lazy\" width=\"60\" height=\"60\"><\/div>\t\t\t\t\t\t\t\t\t\t\t\t\t<\/div>\n\t\t\t\t\t<\/div>\n\t\t\t\t\n\t\t\t\t<div class=\"info-box-content\">\n\t\t\t\t\t\n\t\t\t\t\t\t\t\t\t\t\t<h4\t\t\t\t\t\tclass=\"info-box-title title box-title-style-default wd-fontsize-m\" data-elementor-setting-key=\"title\">\n\t\t\t\t\t\t\t\tComposizioni<br \/>\nfloreali\t\t\t\t\t\t<\/h4>\n\t\t\t\t\t\n\t\t\t\t\t<div class=\"info-box-inner reset-last-child\"data-elementor-setting-key=\"content\"><p>Realizziamo <strong data-start=\"1347\" data-end=\"1387\">composizioni floreali personalizzate<\/strong> per funerali, cerimonie di commiato e allestimenti presso casa funeraria, chiese o cimiteri.<br data-start=\"1480\" data-end=\"1483\" \/>I nostri fioristi selezionano fiori freschi e adatti al contesto, creando corone, cuscini e composizioni sobrie ed eleganti, in linea con il gusto della famiglia e del defunto.<\/p>\n<\/div>\n\n\t\t\t\t\t\t\t\t\t<\/div>\n\n\t\t\t\t\t\t\t\t\t<a href=\"#\" class=\"wd-info-box-link wd-fill\" aria-label=\"Infobox link\"><\/a>\n\t\t\t\t\t\t\t<\/div>\n\t\t<\/div>\n\t\t\t\t\t\t<\/div>\n\t\t\t\t<\/div>\n\t\t\t\t<\/div>\n\t\t<div class=\"elementor-element elementor-element-6bdcd1f e-con-full e-flex e-con e-child\" data-id=\"6bdcd1f\" data-element_type=\"container\">\n\t\t\t\t<div class=\"elementor-element elementor-element-28dfc83 elementor-widget elementor-widget-wd_infobox\" data-id=\"28dfc83\" data-element_type=\"widget\" data-widget_type=\"wd_infobox.default\">\n\t\t\t\t<div class=\"elementor-widget-container\">\n\t\t\t\t\t\t\t<div class=\"info-box-wrapper\">\n\t\t\t<div class=\"wd-info-box text-center box-icon-align-top box-style-base color-scheme-\">\n\t\t\t\t\t\t\t\t\t<div class=\"box-icon-wrapper  box-with-icon box-icon-simple\">\n\t\t\t\t\t\t<div class=\"info-box-icon\">\n\t\t\t\t\t\t\t\t\t\t\t\t\t\t\t<div class=\"info-svg-wrapper\" style=\"width:60px; height:60px;\"><img loading=\"lazy\" decoding=\"async\"  src=\"https:\/\/www.fratellisanzio.sibusinessdigital.it\/wp-content\/uploads\/2025\/04\/021-graveyard.svg\" title=\"021-graveyard\" loading=\"lazy\" width=\"60\" height=\"60\"><\/div>\t\t\t\t\t\t\t\t\t\t\t\t\t<\/div>\n\t\t\t\t\t<\/div>\n\t\t\t\t\n\t\t\t\t<div class=\"info-box-content\">\n\t\t\t\t\t\n\t\t\t\t\t\t\t\t\t\t\t<h4\t\t\t\t\t\tclass=\"info-box-title title box-title-style-default wd-fontsize-m\" data-elementor-setting-key=\"title\">\n\t\t\t\t\t\t\t\tLapidi\t\t\t\t\t\t<\/h4>\n\t\t\t\t\t\n\t\t\t\t\t<div class=\"info-box-inner reset-last-child\"data-elementor-setting-key=\"content\"><p>Progettiamo e realizziamo <strong data-start=\"1719\" data-end=\"1739\">lapidi funerarie<\/strong> su misura, in marmo e materiali pregiati, con incisioni personalizzate e decorazioni accurate.<br data-start=\"1834\" data-end=\"1837\" \/>Offriamo un servizio completo: dalla consulenza sulla scelta, alla realizzazione e posa presso il cimitero. Ogni lavorazione \u00e8 eseguita con attenzione al dettaglio e profondo rispetto per la memoria della persona scomparsa.<\/p>\n<\/div>\n\n\t\t\t\t\t\t\t\t\t<\/div>\n\n\t\t\t\t\t\t\t\t\t<a href=\"#\" class=\"wd-info-box-link wd-fill\" aria-label=\"Infobox link\"><\/a>\n\t\t\t\t\t\t\t<\/div>\n\t\t<\/div>\n\t\t\t\t\t\t<\/div>\n\t\t\t\t<\/div>\n\t\t\t\t<\/div>\n\t\t<div class=\"elementor-element elementor-element-f1a7659 e-con-full e-flex e-con e-child\" data-id=\"f1a7659\" data-element_type=\"container\">\n\t\t\t\t<div class=\"elementor-element elementor-element-7184296 elementor-widget elementor-widget-wd_infobox\" data-id=\"7184296\" data-element_type=\"widget\" data-widget_type=\"wd_infobox.default\">\n\t\t\t\t<div class=\"elementor-widget-container\">\n\t\t\t\t\t\t\t<div class=\"info-box-wrapper\">\n\t\t\t<div class=\"wd-info-box text-center box-icon-align-top box-style-base color-scheme-\">\n\t\t\t\t\t\t\t\t\t<div class=\"box-icon-wrapper  box-with-icon box-icon-simple\">\n\t\t\t\t\t\t<div class=\"info-box-icon\">\n\t\t\t\t\t\t\t\t\t\t\t\t\t\t\t<div class=\"info-svg-wrapper\" style=\"width:60px; height:60px;\"><img loading=\"lazy\" decoding=\"async\"  src=\"https:\/\/www.fratellisanzio.sibusinessdigital.it\/wp-content\/uploads\/2025\/04\/001-ashes.svg\" title=\"001-ashes\" loading=\"lazy\" width=\"60\" height=\"60\"><\/div>\t\t\t\t\t\t\t\t\t\t\t\t\t<\/div>\n\t\t\t\t\t<\/div>\n\t\t\t\t\n\t\t\t\t<div class=\"info-box-content\">\n\t\t\t\t\t\n\t\t\t\t\t\t\t\t\t\t\t<h4\t\t\t\t\t\tclass=\"info-box-title title box-title-style-default wd-fontsize-m\" data-elementor-setting-key=\"title\">\n\t\t\t\t\t\t\t\tCremazioni\t\t\t\t\t\t<\/h4>\n\t\t\t\t\t\n\t\t\t\t\t<div class=\"info-box-inner reset-last-child\"data-elementor-setting-key=\"content\"><p class=\"\" data-start=\"2086\" data-end=\"2408\">Supportiamo le famiglie che scelgono la <strong data-start=\"2126\" data-end=\"2140\">cremazione<\/strong> come forma di sepoltura, occupandoci delle pratiche necessarie e dell'organizzazione completa del rito.<br data-start=\"2244\" data-end=\"2247\" \/>Offriamo consulenza su urne cinerarie, modalit\u00e0 di conservazione o dispersione delle ceneri, nel pieno rispetto delle normative vigenti e delle volont\u00e0 espresse.<\/p>\n<\/div>\n\n\t\t\t\t\t\t\t\t\t<\/div>\n\n\t\t\t\t\t\t\t\t\t<a href=\"#\" class=\"wd-info-box-link wd-fill\" aria-label=\"Infobox link\"><\/a>\n\t\t\t\t\t\t\t<\/div>\n\t\t<\/div>\n\t\t\t\t\t\t<\/div>\n\t\t\t\t<\/div>\n\t\t\t\t<\/div>\n\t\t<div class=\"elementor-element elementor-element-cbbd1ca e-con-full e-flex e-con e-child\" data-id=\"cbbd1ca\" data-element_type=\"container\">\n\t\t\t\t<div class=\"elementor-element elementor-element-0599d64 elementor-widget elementor-widget-wd_infobox\" data-id=\"0599d64\" data-element_type=\"widget\" data-widget_type=\"wd_infobox.default\">\n\t\t\t\t<div class=\"elementor-widget-container\">\n\t\t\t\t\t\t\t<div class=\"info-box-wrapper\">\n\t\t\t<div class=\"wd-info-box text-center box-icon-align-top box-style-base color-scheme-\">\n\t\t\t\t\t\t\t\t\t<div class=\"box-icon-wrapper  box-with-icon box-icon-simple\">\n\t\t\t\t\t\t<div class=\"info-box-icon\">\n\t\t\t\t\t\t\t\t\t\t\t\t\t\t\t<div class=\"info-svg-wrapper\" style=\"width:60px; height:60px;\"><img loading=\"lazy\" decoding=\"async\"  src=\"https:\/\/www.fratellisanzio.sibusinessdigital.it\/wp-content\/uploads\/2025\/04\/009-candles.svg\" title=\"009-candles\" loading=\"lazy\" width=\"60\" height=\"60\"><\/div>\t\t\t\t\t\t\t\t\t\t\t\t\t<\/div>\n\t\t\t\t\t<\/div>\n\t\t\t\t\n\t\t\t\t<div class=\"info-box-content\">\n\t\t\t\t\t\n\t\t\t\t\t\t\t\t\t\t\t<h4\t\t\t\t\t\tclass=\"info-box-title title box-title-style-default wd-fontsize-m\" data-elementor-setting-key=\"title\">\n\t\t\t\t\t\t\t\tArticoli cimiterali\t\t\t\t\t\t<\/h4>\n\t\t\t\t\t\n\t\t\t\t\t<div class=\"info-box-inner reset-last-child\"data-elementor-setting-key=\"content\"><p class=\"\" data-start=\"2444\" data-end=\"2779\">Presso i nostri punti vendita mettiamo a disposizione una selezione di <strong data-start=\"2515\" data-end=\"2539\">articoli cimiteriali<\/strong>: urne, portafiori, lanterne, cornici, portafoto, croci e vasi in bronzo, marmo o materiali compositi.<br data-start=\"2641\" data-end=\"2644\" \/>Ogni elemento \u00e8 pensato per arricchire con decoro e sobriet\u00e0 il luogo della memoria, con possibilit\u00e0 di personalizzazione su richiesta.<\/p>\n<\/div>\n\n\t\t\t\t\t\t\t\t\t<\/div>\n\n\t\t\t\t\t\t\t\t\t<a href=\"#\" class=\"wd-info-box-link wd-fill\" aria-label=\"Infobox link\"><\/a>\n\t\t\t\t\t\t\t<\/div>\n\t\t<\/div>\n\t\t\t\t\t\t<\/div>\n\t\t\t\t<\/div>\n\t\t\t\t<\/div>\n\t\t\t\t\t<\/div>\n\t\t\t\t<\/div>\n\t\t<div class=\"wd-negative-gap elementor-element elementor-element-3f8cac9 e-flex e-con-boxed e-con e-parent\" data-id=\"3f8cac9\" data-element_type=\"container\">\n\t\t\t\t\t<div class=\"e-con-inner\">\n\t\t\t\t<div class=\"elementor-element elementor-element-0e1a9e6 elementor-widget elementor-widget-wd_button\" data-id=\"0e1a9e6\" data-element_type=\"widget\" data-widget_type=\"wd_button.default\">\n\t\t\t\t<div class=\"elementor-widget-container\">\n\t\t\t\t\t\t\t<div class=\"wd-button-wrapper text-center\" >\n\t\t\t<a class=\"btn btn-style-default btn-shape-rectangle btn-size-large btn-color-primary btn-full-width btn-icon-pos-right\"  href=\"http:\/\/www.fratellisanzio.sibusinessdigital.it\/index.php\/casa-funeraria\/\">\n\t\t\t\t<span class=\"wd-btn-text\" data-elementor-setting-key=\"text\">\n\t\t\t\t\tSCOPRI LA CASA FUNERARIA\t\t\t\t<\/span>\n\n\t\t\t\t\t\t\t<\/a>\n\t\t<\/div>\n\t\t\t\t\t\t<\/div>\n\t\t\t\t<\/div>\n\t\t\t\t\t<\/div>\n\t\t\t\t<\/div>\n\t\t\t\t<\/div>\n\t\t","protected":false},"excerpt":{"rendered":"<p>I NOSTRI SERVIZI SERVIZI FUNEBRI AD ARIANO IRPINO \u2013 FRATELLI SANZIO ONORANZE FUNEBRI Con oltre 60 anni di esperienza, Fratelli<\/p>\n","protected":false},"author":1,"featured_media":0,"parent":0,"menu_order":0,"comment_status":"closed","ping_status":"closed","template":"","meta":{"_joinchat":[],"footnotes":""},"class_list":["post-26876","page","type-page","status-publish","hentry"],"_links":{"self":[{"href":"https:\/\/www.fratellisanzio.sibusinessdigital.it\/index.php\/wp-json\/wp\/v2\/pages\/26876","targetHints":{"allow":["GET"]}}],"collection":[{"href":"https:\/\/www.fratellisanzio.sibusinessdigital.it\/index.php\/wp-json\/wp\/v2\/pages"}],"about":[{"href":"https:\/\/www.fratellisanzio.sibusinessdigital.it\/index.php\/wp-json\/wp\/v2\/types\/page"}],"author":[{"embeddable":true,"href":"https:\/\/www.fratellisanzio.sibusinessdigital.it\/index.php\/wp-json\/wp\/v2\/users\/1"}],"replies":[{"embeddable":true,"href":"https:\/\/www.fratellisanzio.sibusinessdigital.it\/index.php\/wp-json\/wp\/v2\/comments?post=26876"}],"version-history":[{"count":10,"href":"https:\/\/www.fratellisanzio.sibusinessdigital.it\/index.php\/wp-json\/wp\/v2\/pages\/26876\/revisions"}],"predecessor-version":[{"id":27229,"href":"https:\/\/www.fratellisanzio.sibusinessdigital.it\/index.php\/wp-json\/wp\/v2\/pages\/26876\/revisions\/27229"}],"wp:attachment":[{"href":"https:\/\/www.fratellisanzio.sibusinessdigital.it\/index.php\/wp-json\/wp\/v2\/media?parent=26876"}],"curies":[{"name":"wp","href":"https:\/\/api.w.org\/{rel}","templated":true}]}}